{"id":254,"date":"2019-01-09T08:49:37","date_gmt":"2019-01-09T08:49:37","guid":{"rendered":"http:\/\/wp.intraworlds.com\/nordmetall\/?page_id=254"},"modified":"2025-02-13T01:47:05","modified_gmt":"2025-02-13T01:47:05","slug":"nordmetall","status":"publish","type":"page","link":"https:\/\/alumniportal.uni-potsdam.de\/login\/","title":{"rendered":"Alumni Portal Uni Potsdam"},"content":{"rendered":"<p>[et_pb_section fb_built=&#8220;1&#8243; fullwidth=&#8220;on&#8220; module_class=&#8220;iw-header&#8220; _builder_version=&#8220;4.16&#8243; global_colors_info=&#8220;{}&#8220;][et_pb_fullwidth_code module_class=&#8220;iw-header-content&#8220; _builder_version=&#8220;4.16&#8243; global_colors_info=&#8220;{}&#8220;][\/et_pb_fullwidth_code][\/et_pb_section][et_pb_section fb_built=&#8220;1&#8243; _builder_version=&#8220;4.16&#8243; global_colors_info=&#8220;{}&#8220;][et_pb_row column_structure=&#8220;3_5,2_5&#8243; disabled_on=&#8220;on|on|off&#8220; _builder_version=&#8220;4.16&#8243; global_colors_info=&#8220;{}&#8220;][et_pb_column type=&#8220;3_5&#8243; _builder_version=&#8220;4.16&#8243; custom_padding=&#8220;|||&#8220; global_colors_info=&#8220;{}&#8220; custom_padding__hover=&#8220;|||&#8220;][et_pb_code module_class=&#8220;welcome_box&#8220; _builder_version=&#8220;4.16&#8243; hover_enabled=&#8220;0&#8243; global_colors_info=&#8220;{}&#8220; sticky_enabled=&#8220;0&#8243;]<\/p>\n<h2 style=\"color: #fff\"><!-- [et_pb_line_break_holder] -->Was finden Sie bei uns?<!-- [et_pb_line_break_holder] --><\/h2>\n<p><!-- [et_pb_line_break_holder] --><!-- [et_pb_line_break_holder] --><\/p>\n<div class=\"table\"><!-- [et_pb_line_break_holder] -->  <\/p>\n<div class=\"row\"><!-- [et_pb_line_break_holder] -->    <\/p>\n<div class=\"cell\" id=\"icon1\"><!-- [et_pb_line_break_holder] -->      <img decoding=\"async\" src=\"https:\/\/alumniportal.uni-potsdam.de\/login\/wp-content\/uploads\/2022\/03\/handshake-solid.png\"><!-- [et_pb_line_break_holder] -->    <\/div>\n<p><!-- [et_pb_line_break_holder] -->    <\/p>\n<div class=\"cell\" id=\"text1\"><!-- [et_pb_line_break_holder] --> <b>Andere Ehemalige finden und Communitys bilden<\/b><!-- [et_pb_line_break_holder] --><pee><!-- [et_pb_line_break_holder] -->Nutzen Sie die M\u00f6glichkeit, im Alumni-Portal ehemalige Kommilitonen und Kommilitoninnen sowie Kolleginnen und Kollegen zu suchen, zu finden und in Kontakt zu treten.<!-- [et_pb_line_break_holder] --><\/pee><!-- [et_pb_line_break_holder] -->    <\/div>\n<p><!-- [et_pb_line_break_holder] -->  <\/div>\n<p><!-- [et_pb_line_break_holder] -->  <\/p>\n<div class=\"row\"><!-- [et_pb_line_break_holder] -->    <\/p>\n<div class=\"cell\" id=\"icon2\"><!-- [et_pb_line_break_holder] -->      <img decoding=\"async\" src=\"https:\/\/alumniportal.uni-potsdam.de\/login\/wp-content\/uploads\/2022\/03\/newspaper-solid.png\"><!-- [et_pb_line_break_holder] -->    <\/div>\n<p><!-- [et_pb_line_break_holder] -->    <\/p>\n<div class=\"cell\" id=\"text2\"><!-- [et_pb_line_break_holder] -->  <b>Wir halten Sie auf dem Laufenden <\/b>   <!-- [et_pb_line_break_holder] --><pee><!-- [et_pb_line_break_holder] -->\u00dcber das Alumni-Portal k\u00f6nnen wir Sie \u00fcber das aktuelle Leben an Ihrer Alma Mater mit unserem viertelj\u00e4hrlichen Newsletter auf dem Laufenden halten.<!-- [et_pb_line_break_holder] --><\/pee><!-- [et_pb_line_break_holder] -->    <\/div>\n<p><!-- [et_pb_line_break_holder] -->  <\/div>\n<p><!-- [et_pb_line_break_holder] -->  <\/p>\n<div class=\"row\"><!-- [et_pb_line_break_holder] -->    <\/p>\n<div class=\"cell\" id=\"icon3\"><!-- [et_pb_line_break_holder] -->      <img decoding=\"async\" src=\"https:\/\/alumniportal.uni-potsdam.de\/login\/wp-content\/uploads\/2022\/03\/readme-brands.png\"><!-- [et_pb_line_break_holder] -->    <\/div>\n<p><!-- [et_pb_line_break_holder] -->    <\/p>\n<div class=\"cell\" id=\"text3\"><!-- [et_pb_line_break_holder] -->  <b>Erhalten Sie unser Uni Magazin Portal Transfer kostenlos<\/b><!-- [et_pb_line_break_holder] -->      <pee><!-- [et_pb_line_break_holder] -->Das Transfer-Magazin berichtet dar\u00fcber, wie Wissen und Innovation aus der Uni in die Praxis gelangen. Geschichten von Alumni &#038; Alumnae, deren Karrierewege Mut machen, werden ebenso vorgestellt. <!-- [et_pb_line_break_holder] --><\/pee><!-- [et_pb_line_break_holder] -->    <\/div>\n<p><!-- [et_pb_line_break_holder] -->  <\/div>\n<p><!-- [et_pb_line_break_holder] -->    <\/p>\n<div class=\"row\"><!-- [et_pb_line_break_holder] -->    <\/p>\n<div class=\"cell\" id=\"icon3\"><!-- [et_pb_line_break_holder] -->      <img decoding=\"async\" src=\"https:\/\/alumniportal.uni-potsdam.de\/login\/wp-content\/uploads\/2022\/03\/hand-holding-dollar-solid.png\"><!-- [et_pb_line_break_holder] -->    <\/div>\n<p><!-- [et_pb_line_break_holder] -->    <\/p>\n<div class=\"cell\" id=\"text3\"><!-- [et_pb_line_break_holder] -->  <b>Verg\u00fcnstigungen <\/b><!-- [et_pb_line_break_holder] --><pee><!-- [et_pb_line_break_holder] -->Alumni k\u00f6nnen beispielsweise das vielf\u00e4ltige Angebot des Hochschulsports zum g\u00fcnstigen Mitarbeiterpreis nutzen. Voraussetzung f\u00fcr die Anmeldung ist Ihre Alumni-ID, diese finden Sie im Alumni-Portal.<!-- [et_pb_line_break_holder] --><\/pee><!-- [et_pb_line_break_holder] -->    <\/div>\n<p><!-- [et_pb_line_break_holder] -->  <\/div>\n<p><!-- [et_pb_line_break_holder] -->    <\/p>\n<div class=\"row\"><!-- [et_pb_line_break_holder] -->    <\/p>\n<div class=\"cell\" id=\"icon3\"><!-- [et_pb_line_break_holder] -->      <img decoding=\"async\" src=\"https:\/\/alumniportal.uni-potsdam.de\/login\/wp-content\/uploads\/2022\/03\/graduation-cap-solid.png\"><!-- [et_pb_line_break_holder] -->    <\/div>\n<p><!-- [et_pb_line_break_holder] -->    <\/p>\n<div class=\"cell\" id=\"text3\"><!-- [et_pb_line_break_holder] --><!-- [et_pb_line_break_holder] -->  <b>Zentrale Abschlussfeier und Abschlussjahrbuch<\/b><!-- [et_pb_line_break_holder] --><pee><!-- [et_pb_line_break_holder] -->\u00dcber das Alumni-Portal k\u00f6nnen Sie sich f\u00fcr das Abschlussjahrbuch sowie zur zentralen Abschlussfeier, die j\u00e4hrlich vor der beeindruckenden Kulisse der Kolonnade am Neuen Palais stattfindet, anmelden.<!-- [et_pb_line_break_holder] --><\/pee><!-- [et_pb_line_break_holder] -->    <\/div>\n<p><!-- [et_pb_line_break_holder] -->  <\/div>\n<p><!-- [et_pb_line_break_holder] -->    <\/p>\n<div class=\"row\"><!-- [et_pb_line_break_holder] -->    <\/p>\n<div class=\"cell\" id=\"icon3\"><!-- [et_pb_line_break_holder] -->      <img decoding=\"async\" src=\"https:\/\/alumniportal.uni-potsdam.de\/login\/wp-content\/uploads\/2022\/03\/at-solid.png\"><!-- [et_pb_line_break_holder] -->    <\/div>\n<p><!-- [et_pb_line_break_holder] -->    <\/p>\n<div class=\"cell\" id=\"text3\"><!-- [et_pb_line_break_holder] --><!-- [et_pb_line_break_holder] -->  <b>E-Mail Weiterleitungsdienst<\/b><!-- [et_pb_line_break_holder] --><pee><!-- [et_pb_line_break_holder] -->Mit dem E-Mail-Weiterleitungsdienst f\u00fcr Ehemalige ist jedes Mitglied des Alumni-Programms lebenslang unter einer E-Mail-Adresse der Universit\u00e4t Potsdam nach dem Muster vorname.name@alumni.uni-potsdam.de erreichbar.<!-- [et_pb_line_break_holder] --><\/pee><!-- [et_pb_line_break_holder] -->    <\/div>\n<p><!-- [et_pb_line_break_holder] -->  <\/div>\n<p><!-- [et_pb_line_break_holder] --><\/div>\n<p><!-- [et_pb_line_break_holder] --><!-- [et_pb_line_break_holder] --><!-- [et_pb_line_break_holder] --><!-- [et_pb_line_break_holder] --><!-- [et_pb_line_break_holder] -->[\/et_pb_code][\/et_pb_column][et_pb_column type=&#8220;2_5&#8243; _builder_version=&#8220;4.16&#8243; custom_padding=&#8220;|||&#8220; global_colors_info=&#8220;{}&#8220; custom_padding__hover=&#8220;|||&#8220;][et_pb_code _builder_version=&#8220;4.27.4&#8243; hover_enabled=&#8220;0&#8243; global_colors_info=&#8220;{}&#8220; sticky_enabled=&#8220;0&#8243;]<\/p>\n<h2><!-- [et_pb_line_break_holder] --><!-- [et_pb_line_break_holder] --><\/h2>\n<p><!-- [et_pb_line_break_holder] --><script><!-- [et_pb_line_break_holder] -->function autoResize(){<!-- [et_pb_line_break_holder] -->\tvar newheight;<!-- [et_pb_line_break_holder] -->  var elmnt = 1;<!-- [et_pb_line_break_holder] -->\tvar iframe = document.querySelector(\"#iw-registration\");<!-- [et_pb_line_break_holder] -->  var elmnt = iframe.contentWindow.document.querySelector(\"#content\");<!-- [et_pb_line_break_holder] -->  if(elmnt) {<!-- [et_pb_line_break_holder] -->\t\tnewheight = elmnt.offsetHeight;<!-- [et_pb_line_break_holder] -->\t\tdocument.querySelector(\"#iw-registration\").height = (newheight + 100) + \"px\";<!-- [et_pb_line_break_holder] -->\t} else {<!-- [et_pb_line_break_holder] -->    document.querySelector(\"#iw-registration\").height = \"2500px\";<!-- [et_pb_line_break_holder] -->  }<!-- [et_pb_line_break_holder] -->}<!-- [et_pb_line_break_holder] --><\/script><!-- [et_pb_line_break_holder] --><iframe src=\"https:\/\/alumniportal.uni-potsdam.de\/register\/register\/main?LANG=DE\" id=\"iw-registration\" scrolling=\"no\" style=\"width: 100%;margin: 0 auto;display:block;\"><!-- [et_pb_line_break_holder] --><!-- [et_pb_line_break_holder] --><\/iframe><!-- [et_pb_line_break_holder] --><script>  <!-- [et_pb_line_break_holder] -->setInterval(autoResize, 201);<!-- [et_pb_line_break_holder] --><\/script><!-- [et_pb_line_break_holder] --><pee><span style=\"font-size:0.8em\"><!-- [et_pb_line_break_holder] -->  Ihre Daten werden \u00fcber eine verschl\u00fcsselte Verbindung \u00fcbertragen (SSL), einer Technik, wie sie auch bei Online-Banking Anwendungen zum Einsatz kommt. Ihre Daten sind daher w\u00e4hrend des gesamten Anmeldeprozesses gesch\u00fctzt.<!-- [et_pb_line_break_holder] --><\/pee>[\/et_pb_code][\/et_pb_column][\/et_pb_row][et_pb_row column_structure=&#8220;1_3,2_3&#8243; disabled_on=&#8220;off|off|on&#8220; _builder_version=&#8220;4.16&#8243; global_colors_info=&#8220;{}&#8220;][et_pb_column type=&#8220;1_3&#8243; _builder_version=&#8220;4.16&#8243; custom_padding=&#8220;|||&#8220; global_colors_info=&#8220;{}&#8220; custom_padding__hover=&#8220;|||&#8220;][et_pb_code admin_label=&#8220;iw-login-de&#8220; module_class=&#8220;iw-login-mobile&#8220; _builder_version=&#8220;4.17.4&#8243; hover_enabled=&#8220;0&#8243; global_colors_info=&#8220;{}&#8220; sticky_enabled=&#8220;0&#8243;]\t[\/et_pb_code][\/et_pb_column][et_pb_column type=&#8220;2_3&#8243; _builder_version=&#8220;4.16&#8243; custom_padding=&#8220;|||&#8220; global_colors_info=&#8220;{}&#8220; custom_padding__hover=&#8220;|||&#8220;][et_pb_code module_class=&#8220;welcome_box&#8220; _builder_version=&#8220;4.16&#8243; hover_enabled=&#8220;0&#8243; global_colors_info=&#8220;{}&#8220; sticky_enabled=&#8220;0&#8243;]<\/p>\n<h2 style=\"color: #fff\"><!-- [et_pb_line_break_holder] -->Was finden Sie bei uns?<!-- [et_pb_line_break_holder] --><\/h2>\n<p><!-- [et_pb_line_break_holder] --><!-- [et_pb_line_break_holder] --><pee><!-- [et_pb_line_break_holder] --> Sie m\u00f6chten mit ehemaligen Kommilitonen, Professoren und Dozenten in Kontakt bleiben? Nutzen Sie die M\u00f6glichkeit, sich auf dem alumni-portal zu suchen, zu finden und miteinander zu kommunizieren.<!-- [et_pb_line_break_holder] --><\/pee><!-- [et_pb_line_break_holder] --><pee><!-- [et_pb_line_break_holder] -->  St\u00e4ndig aktuell auf dem Laufenden zu sein \u00fcber das Leben an Ihrer Alma Mater, \u00fcber Veranstaltungen und H\u00f6hepunkte. Am besten \u00fcber das alumni-portal.<!-- [et_pb_line_break_holder] --><\/pee><!-- [et_pb_line_break_holder] --><pee><!-- [et_pb_line_break_holder] -->  Fachbezogene Nebenjobs, Volontariate oder Stellenangebote werden t\u00e4glich aktualisiert. Mehr Informationen finden Sie dazu im alumni-portal.<!-- [et_pb_line_break_holder] --><\/pee><!-- [et_pb_line_break_holder] --><!-- [et_pb_line_break_holder] -->[\/et_pb_code][et_pb_code admin_label=&#8220;Code&#8220; _builder_version=&#8220;4.27.4&#8243; hover_enabled=&#8220;0&#8243; global_colors_info=&#8220;{}&#8220; sticky_enabled=&#8220;0&#8243;]<\/p>\n<h2><!-- [et_pb_line_break_holder] --><!-- [et_pb_line_break_holder] --><\/h2>\n<p><!-- [et_pb_line_break_holder] --><!-- [et_pb_line_break_holder] --><!-- iframe src=\"https:\/\/alumniportal.uni-potsdam.de\/registration\" onload=\"resizeIframe(this)\" scrolling=\"no\" style=\"height: 1450px;width: 1200px;margin: 0 auto;display:block;\" --><!-- [et_pb_line_break_holder] --><iframe src=\"https:\/\/alumniportal.uni-potsdam.de\/register\/register\/main?LANG=DE\" onload=\"resizeIframe(this)\" scrolling=\"no\" style=\"height: 2450px;width: 1200px;margin: 0 auto;display:block;\">  <!-- [et_pb_line_break_holder] --><\/iframe><!-- [et_pb_line_break_holder] --><pee><span style=\"font-size:0.8em\"><!-- [et_pb_line_break_holder] -->  Ihre Daten werden \u00fcber eine verschl\u00fcsselte Verbindung \u00fcbertragen (SSL), einer Technik, wie sie auch bei Online-Banking Anwendungen zum Einsatz kommt. Ihre Daten sind daher w\u00e4hrend des gesamten Anmeldeprozesses gesch\u00fctzt.<!-- [et_pb_line_break_holder] --><\/pee>[\/et_pb_code][\/et_pb_column][\/et_pb_row][\/et_pb_section]<\/p>\n","protected":false},"excerpt":{"rendered":"<p> <\/p>\n","protected":false},"author":1,"featured_media":0,"parent":0,"menu_order":0,"comment_status":"closed","ping_status":"closed","template":"","meta":{"_et_pb_use_builder":"on","_et_pb_old_content":"","_et_gb_content_width":"","footnotes":""},"class_list":["post-254","page","type-page","status-publish","hentry"],"yoast_head":"<!-- This site is optimized with the Yoast SEO plugin v27.6 - https:\/\/yoast.com\/product\/yoast-seo-wordpress\/ -->\n<title>Alumni Portal Uni Potsdam - Alumni Portal Uni Potsdam<\/title>\n<meta name=\"robots\" content=\"noindex, follow, max-snippet:-1, max-image-preview:large, max-video-preview:-1\" \/>\n<meta property=\"og:locale\" content=\"de_DE\" \/>\n<meta property=\"og:type\" content=\"article\" \/>\n<meta property=\"og:title\" content=\"Alumni Portal Uni Potsdam - Alumni Portal Uni Potsdam\" \/>\n<meta property=\"og:url\" content=\"https:\/\/alumniportal.uni-potsdam.de\/login\/\" \/>\n<meta property=\"og:site_name\" content=\"Alumni Portal Uni Potsdam\" \/>\n<meta property=\"article:modified_time\" content=\"2025-02-13T01:47:05+00:00\" \/>\n<meta property=\"og:image\" content=\"https:\/\/alumniportal.uni-potsdam.de\/login\/wp-content\/uploads\/2022\/03\/handshake-solid.png\" \/>\n<meta name=\"twitter:card\" content=\"summary_large_image\" \/>\n<meta name=\"twitter:label1\" content=\"Gesch\u00e4tzte Lesezeit\" \/>\n\t<meta name=\"twitter:data1\" content=\"3\u00a0Minuten\" \/>\n<script type=\"application\/ld+json\" class=\"yoast-schema-graph\">{\"@context\":\"https:\\\/\\\/schema.org\",\"@graph\":[{\"@type\":\"WebPage\",\"@id\":\"https:\\\/\\\/alumniportal.uni-potsdam.de\\\/login\\\/\",\"url\":\"https:\\\/\\\/alumniportal.uni-potsdam.de\\\/login\\\/\",\"name\":\"Alumni Portal Uni Potsdam - Alumni Portal Uni Potsdam\",\"isPartOf\":{\"@id\":\"https:\\\/\\\/alumniportal.uni-potsdam.de\\\/login\\\/#website\"},\"primaryImageOfPage\":{\"@id\":\"https:\\\/\\\/alumniportal.uni-potsdam.de\\\/login\\\/#primaryimage\"},\"image\":{\"@id\":\"https:\\\/\\\/alumniportal.uni-potsdam.de\\\/login\\\/#primaryimage\"},\"thumbnailUrl\":\"https:\\\/\\\/alumniportal.uni-potsdam.de\\\/login\\\/wp-content\\\/uploads\\\/2022\\\/03\\\/handshake-solid.png\",\"datePublished\":\"2019-01-09T08:49:37+00:00\",\"dateModified\":\"2025-02-13T01:47:05+00:00\",\"breadcrumb\":{\"@id\":\"https:\\\/\\\/alumniportal.uni-potsdam.de\\\/login\\\/#breadcrumb\"},\"inLanguage\":\"de\",\"potentialAction\":[{\"@type\":\"ReadAction\",\"target\":[\"https:\\\/\\\/alumniportal.uni-potsdam.de\\\/login\\\/\"]}]},{\"@type\":\"ImageObject\",\"inLanguage\":\"de\",\"@id\":\"https:\\\/\\\/alumniportal.uni-potsdam.de\\\/login\\\/#primaryimage\",\"url\":\"https:\\\/\\\/alumniportal.uni-potsdam.de\\\/login\\\/wp-content\\\/uploads\\\/2022\\\/03\\\/handshake-solid.png\",\"contentUrl\":\"https:\\\/\\\/alumniportal.uni-potsdam.de\\\/login\\\/wp-content\\\/uploads\\\/2022\\\/03\\\/handshake-solid.png\",\"width\":640,\"height\":512},{\"@type\":\"BreadcrumbList\",\"@id\":\"https:\\\/\\\/alumniportal.uni-potsdam.de\\\/login\\\/#breadcrumb\",\"itemListElement\":[{\"@type\":\"ListItem\",\"position\":1,\"name\":\"Home\",\"item\":\"https:\\\/\\\/alumniportal.uni-potsdam.de\\\/login\\\/\"},{\"@type\":\"ListItem\",\"position\":2,\"name\":\"Alumni Portal Uni Potsdam\"}]},{\"@type\":\"WebSite\",\"@id\":\"https:\\\/\\\/alumniportal.uni-potsdam.de\\\/login\\\/#website\",\"url\":\"https:\\\/\\\/alumniportal.uni-potsdam.de\\\/login\\\/\",\"name\":\"Alumni Portal Uni Potsdam\",\"description\":\"Alumni Portal Uni Potsdam\",\"potentialAction\":[{\"@type\":\"SearchAction\",\"target\":{\"@type\":\"EntryPoint\",\"urlTemplate\":\"https:\\\/\\\/alumniportal.uni-potsdam.de\\\/login\\\/?s={search_term_string}\"},\"query-input\":{\"@type\":\"PropertyValueSpecification\",\"valueRequired\":true,\"valueName\":\"search_term_string\"}}],\"inLanguage\":\"de\"}]}<\/script>\n<!-- \/ Yoast SEO plugin. -->","yoast_head_json":{"title":"Alumni Portal Uni Potsdam - Alumni Portal Uni Potsdam","robots":{"index":"noindex","follow":"follow","max-snippet":"max-snippet:-1","max-image-preview":"max-image-preview:large","max-video-preview":"max-video-preview:-1"},"og_locale":"de_DE","og_type":"article","og_title":"Alumni Portal Uni Potsdam - Alumni Portal Uni Potsdam","og_url":"https:\/\/alumniportal.uni-potsdam.de\/login\/","og_site_name":"Alumni Portal Uni Potsdam","article_modified_time":"2025-02-13T01:47:05+00:00","og_image":[{"url":"https:\/\/alumniportal.uni-potsdam.de\/login\/wp-content\/uploads\/2022\/03\/handshake-solid.png","type":"","width":"","height":""}],"twitter_card":"summary_large_image","twitter_misc":{"Gesch\u00e4tzte Lesezeit":"3\u00a0Minuten"},"schema":{"@context":"https:\/\/schema.org","@graph":[{"@type":"WebPage","@id":"https:\/\/alumniportal.uni-potsdam.de\/login\/","url":"https:\/\/alumniportal.uni-potsdam.de\/login\/","name":"Alumni Portal Uni Potsdam - Alumni Portal Uni Potsdam","isPartOf":{"@id":"https:\/\/alumniportal.uni-potsdam.de\/login\/#website"},"primaryImageOfPage":{"@id":"https:\/\/alumniportal.uni-potsdam.de\/login\/#primaryimage"},"image":{"@id":"https:\/\/alumniportal.uni-potsdam.de\/login\/#primaryimage"},"thumbnailUrl":"https:\/\/alumniportal.uni-potsdam.de\/login\/wp-content\/uploads\/2022\/03\/handshake-solid.png","datePublished":"2019-01-09T08:49:37+00:00","dateModified":"2025-02-13T01:47:05+00:00","breadcrumb":{"@id":"https:\/\/alumniportal.uni-potsdam.de\/login\/#breadcrumb"},"inLanguage":"de","potentialAction":[{"@type":"ReadAction","target":["https:\/\/alumniportal.uni-potsdam.de\/login\/"]}]},{"@type":"ImageObject","inLanguage":"de","@id":"https:\/\/alumniportal.uni-potsdam.de\/login\/#primaryimage","url":"https:\/\/alumniportal.uni-potsdam.de\/login\/wp-content\/uploads\/2022\/03\/handshake-solid.png","contentUrl":"https:\/\/alumniportal.uni-potsdam.de\/login\/wp-content\/uploads\/2022\/03\/handshake-solid.png","width":640,"height":512},{"@type":"BreadcrumbList","@id":"https:\/\/alumniportal.uni-potsdam.de\/login\/#breadcrumb","itemListElement":[{"@type":"ListItem","position":1,"name":"Home","item":"https:\/\/alumniportal.uni-potsdam.de\/login\/"},{"@type":"ListItem","position":2,"name":"Alumni Portal Uni Potsdam"}]},{"@type":"WebSite","@id":"https:\/\/alumniportal.uni-potsdam.de\/login\/#website","url":"https:\/\/alumniportal.uni-potsdam.de\/login\/","name":"Alumni Portal Uni Potsdam","description":"Alumni Portal Uni Potsdam","potentialAction":[{"@type":"SearchAction","target":{"@type":"EntryPoint","urlTemplate":"https:\/\/alumniportal.uni-potsdam.de\/login\/?s={search_term_string}"},"query-input":{"@type":"PropertyValueSpecification","valueRequired":true,"valueName":"search_term_string"}}],"inLanguage":"de"}]}},"_links":{"self":[{"href":"https:\/\/alumniportal.uni-potsdam.de\/login\/wp-json\/wp\/v2\/pages\/254","targetHints":{"allow":["GET"]}}],"collection":[{"href":"https:\/\/alumniportal.uni-potsdam.de\/login\/wp-json\/wp\/v2\/pages"}],"about":[{"href":"https:\/\/alumniportal.uni-potsdam.de\/login\/wp-json\/wp\/v2\/types\/page"}],"author":[{"embeddable":true,"href":"https:\/\/alumniportal.uni-potsdam.de\/login\/wp-json\/wp\/v2\/users\/1"}],"replies":[{"embeddable":true,"href":"https:\/\/alumniportal.uni-potsdam.de\/login\/wp-json\/wp\/v2\/comments?post=254"}],"version-history":[{"count":57,"href":"https:\/\/alumniportal.uni-potsdam.de\/login\/wp-json\/wp\/v2\/pages\/254\/revisions"}],"predecessor-version":[{"id":820,"href":"https:\/\/alumniportal.uni-potsdam.de\/login\/wp-json\/wp\/v2\/pages\/254\/revisions\/820"}],"wp:attachment":[{"href":"https:\/\/alumniportal.uni-potsdam.de\/login\/wp-json\/wp\/v2\/media?parent=254"}],"curies":[{"name":"wp","href":"https:\/\/api.w.org\/{rel}","templated":true}]}}