{"id":353,"date":"2019-04-12T13:51:05","date_gmt":"2019-04-12T13:51:05","guid":{"rendered":"https:\/\/wp.intraworlds.com\/nordmetall\/?page_id=353"},"modified":"2021-12-20T19:23:15","modified_gmt":"2021-12-20T19:23:15","slug":"impressum","status":"publish","type":"page","link":"https:\/\/alumniportal.uni-potsdam.de\/login\/impressum\/","title":{"rendered":"Impressum"},"content":{"rendered":"<p>[et_pb_section fb_built=&#8220;1&#8243; _builder_version=&#8220;3.22&#8243; custom_padding=&#8220;54px|0px|54px|0|false|false&#8220; global_colors_info=&#8220;{}&#8220;][et_pb_row _builder_version=&#8220;3.25&#8243; global_colors_info=&#8220;{}&#8220;][et_pb_column type=&#8220;4_4&#8243; _builder_version=&#8220;3.25&#8243; custom_padding=&#8220;|||&#8220; global_colors_info=&#8220;{}&#8220; custom_padding__hover=&#8220;|||&#8220;][et_pb_code _builder_version=&#8220;4.14.2&#8243; hover_enabled=&#8220;0&#8243; global_colors_info=&#8220;{}&#8220; sticky_enabled=&#8220;0&#8243;]<!--RICHTEXT--><!-- [et_pb_line_break_holder] --><\/p>\n<h1 class=\"iw-rte-headline1-inline\">Impressum<\/h1>\n<p><!-- [et_pb_line_break_holder] --><!-- [et_pb_line_break_holder] --><pee>\u00a0<\/pee><!-- [et_pb_line_break_holder] --><!-- [et_pb_line_break_holder] --><\/p>\n<h3 class=\"iw-rte-headline3-inline\">Herausgeber<\/h3>\n<p><!-- [et_pb_line_break_holder] --><!-- [et_pb_line_break_holder] --><!-- [et_pb_line_break_holder] --><!-- [et_pb_line_break_holder] --><pee>Universit\u00e4t Potsdam<!\u2013- [et_pb_br_holder] -\u2013><!-- [et_pb_line_break_holder] -->Am Neuen Palais 10<!\u2013- [et_pb_br_holder] -\u2013><!-- [et_pb_line_break_holder] -->14469 Potsdam<\/pee><!-- [et_pb_line_break_holder] --><!-- [et_pb_line_break_holder] --><pee>Tel.: 0331 977-0<!\u2013- [et_pb_br_holder] -\u2013><!-- [et_pb_line_break_holder] -->Fax: 0331 97 21 63<\/pee><!-- [et_pb_line_break_holder] --><!-- [et_pb_line_break_holder] --><pee>\u00a0<\/pee><!-- [et_pb_line_break_holder] --><!-- [et_pb_line_break_holder] --><\/p>\n<h3 class=\"iw-rte-headline3-inline\">Verantwortlich f\u00fcr die Administration des Alumni Portals der Universit\u00e4t Potsdam<\/h3>\n<p><!-- [et_pb_line_break_holder] --><!-- [et_pb_line_break_holder] --><pee>Pr\u00e4sidialamt<!\u2013- [et_pb_br_holder] -\u2013><!-- [et_pb_line_break_holder] -->Alumni-Programm<!\u2013- [et_pb_br_holder] -\u2013><!-- [et_pb_line_break_holder] -->Juliane Seip<!\u2013- [et_pb_br_holder] -\u2013><!-- [et_pb_line_break_holder] -->Am Neuen Palais 10<!\u2013- [et_pb_br_holder] -\u2013><!-- [et_pb_line_break_holder] -->14469 Potsdam<\/pee><!-- [et_pb_line_break_holder] --><!-- [et_pb_line_break_holder] --><pee>Telefon: 0331 977-1431<!\u2013- [et_pb_br_holder] -\u2013><!-- [et_pb_line_break_holder] -->E-Mail: <a>alumni@uni-potsdam.de<\/a><\/pee><!-- [et_pb_line_break_holder] --><!-- [et_pb_line_break_holder] --><\/p>\n<div class=\"iw-rte-standardtext-inline\"><strong>Technische Umsetzung: <\/strong><a class=\"iw-rte-link-inline\" href=\"https:\/\/www.intraworlds.com\/\" rel=\"noreferrer noopener\" target=\"_blank\">Intraworlds<\/a><\/div>\n<p><!-- [et_pb_line_break_holder] --><!-- [et_pb_line_break_holder] --><pee>\u00a0<\/pee><!-- [et_pb_line_break_holder] --><!-- [et_pb_line_break_holder] --><\/p>\n<h3 class=\"iw-rte-headline3-inline\">Rechtsform und gesetzliche Vertretung<\/h3>\n<p><!-- [et_pb_line_break_holder] --><!-- [et_pb_line_break_holder] --><pee>Die Universit\u00e4t Potsdam ist eine K\u00f6rperschaft des \u00d6ffentlichen Rechts. Sie wird gesetzlich vertreten durch Prof. Oliver G\u00fcnther, Ph.D., Pr\u00e4sident der Universit\u00e4t Potsdam, Am Neuen Palais 10, 14469 Potsdam.<\/pee><!-- [et_pb_line_break_holder] --><!-- [et_pb_line_break_holder] --><pee>\u00a0<\/pee><!-- [et_pb_line_break_holder] --><!-- [et_pb_line_break_holder] --><\/p>\n<h3 class=\"iw-rte-headline3-inline\">Zust\u00e4ndige Aufsichtsbeh\u00f6rde<!\u2013- [et_pb_br_holder] -\u2013><!-- [et_pb_line_break_holder] -->\u00a0<\/h3>\n<p><!-- [et_pb_line_break_holder] --><!-- [et_pb_line_break_holder] --><pee>Ministerium f\u00fcr Wissenschaft, Forschung und Kultur des Landes Brandenburg, Dortustr. 36, 14467 Potsdam<\/pee><!-- [et_pb_line_break_holder] --><!-- [et_pb_line_break_holder] --><pee>\u00a0<\/pee><!-- [et_pb_line_break_holder] --><!-- [et_pb_line_break_holder] --><\/p>\n<h3 class=\"iw-rte-headline3-inline\">Umsatzsteueridentifikationsnummer<!\u2013- [et_pb_br_holder] -\u2013><!-- [et_pb_line_break_holder] -->\u00a0<\/h3>\n<p><!-- [et_pb_line_break_holder] --><!-- [et_pb_line_break_holder] --><pee>DE138408327<\/pee><!-- [et_pb_line_break_holder] --><!-- [et_pb_line_break_holder] --><pee>\u00a0<\/pee><!-- [et_pb_line_break_holder] --><!-- [et_pb_line_break_holder] --><\/p>\n<h3 class=\"iw-rte-headline3-inline\">Inhaltliche Verantwortlichkeit i. S. v. \u00a7 5 TMG und \u00a7 55 Abs. 2 RStV<\/h3>\n<p><!-- [et_pb_line_break_holder] --><!-- [et_pb_line_break_holder] --><pee>Die Webseiten zum Alumni-Programm werden vom Pr\u00e4sidialamt\/Alumni-Programm betreut:<\/pee><!-- [et_pb_line_break_holder] --><!-- [et_pb_line_break_holder] --><pee>Pr\u00e4sidialamt<!\u2013- [et_pb_br_holder] -\u2013><!-- [et_pb_line_break_holder] -->Alumni-Programm<!\u2013- [et_pb_br_holder] -\u2013><!-- [et_pb_line_break_holder] -->Juliane Seip<!\u2013- [et_pb_br_holder] -\u2013><!-- [et_pb_line_break_holder] -->Am Neuen Palais 10<!\u2013- [et_pb_br_holder] -\u2013><!-- [et_pb_line_break_holder] -->14469 Potsdam<\/pee><!-- [et_pb_line_break_holder] --><!-- [et_pb_line_break_holder] --><pee>Telefon: 0331 977-1431<!\u2013- [et_pb_br_holder] -\u2013><!-- [et_pb_line_break_holder] -->E-Mail: <a>alumni@uni-potsdam.de<\/a><\/pee><!-- [et_pb_line_break_holder] --><!-- [et_pb_line_break_holder] --><pee>\u00a0<\/pee><!-- [et_pb_line_break_holder] --><!-- [et_pb_line_break_holder] --><\/p>\n<h3 class=\"iw-rte-headline3-inline\">Quellenangaben f\u00fcr die verwendeten Medien<\/h3>\n<p><!-- [et_pb_line_break_holder] --><!-- [et_pb_line_break_holder] --><pee>Soweit nicht anders benannt stammen alle Bilder und Grafiken von Karla Fritze\u00a0 (ZIM) und Thomas Roese (ZIM) sowie S\u00f6ren Stache.<\/pee><!-- [et_pb_line_break_holder] --><!-- [et_pb_line_break_holder] --><pee>\u00a0<\/pee><!-- [et_pb_line_break_holder] --><!-- [et_pb_line_break_holder] --><\/p>\n<h3 class=\"iw-rte-headline3-inline\">Haftungsausschluss<\/h3>\n<p><!-- [et_pb_line_break_holder] --><!-- [et_pb_line_break_holder] --><pee><strong>Haftung f\u00fcr Inhalte<\/strong><\/pee><!-- [et_pb_line_break_holder] --><!-- [et_pb_line_break_holder] --><pee>Die Inhalte unserer Seiten wurden mit gr\u00f6\u00dfter Sorgfalt erstellt. F\u00fcr die Richtigkeit, Vollst\u00e4ndigkeit und Aktualit\u00e4t\u00a0 der Inhalte k\u00f6nnen wir jedoch keine Gew\u00e4hr \u00fcbernehmen. Als Diensteanbieter sind wir gem\u00e4\u00df \u00a7 7 Abs.1 TMG f\u00fcr eigene Inhalte auf diesen Seiten nach den allgemeinen Gesetzen verantwortlich. Nach \u00a7\u00a7 8 bis 10 TMG sind wir als Diensteanbieter jedoch nicht verpflichtet, \u00fcbermittelte oder gespeicherte fremde Informationen zu \u00fcberwachen oder nach Umst\u00e4nden zu forschen, die auf eine rechtswidrige T\u00e4tigkeit hinweisen. Verpflichtungen zur Entfernung oder Sperrung der Nutzung von Informationen nach den allgemeinen Gesetzen bleiben hiervon unber\u00fchrt. Eine diesbez\u00fcgliche Haftung ist jedoch erst ab dem Zeitpunkt der Kenntnis einer konkreten Rechtsverletzung m\u00f6glich. Bei Bekanntwerden von entsprechenden Rechtsverletzungen werden wir diese Inhalte umgehend entfernen.<\/pee><!-- [et_pb_line_break_holder] --><!-- [et_pb_line_break_holder] --><pee><strong>Haftung f\u00fcr Links<\/strong><\/pee><!-- [et_pb_line_break_holder] --><!-- [et_pb_line_break_holder] --><pee>Unser Angebot enth\u00e4lt Links zu externen Webseiten Dritter, auf deren Inhalte wir keinen Einfluss haben. Deshalb k\u00f6nnen wir f\u00fcr diese fremden Inhalte auch keine Gew\u00e4hr \u00fcbernehmen. F\u00fcr die Inhalte der verlinkten Seiten ist stets der jeweilige Anbieter oder Betreiber der Seiten verantwortlich. Die verlinkten Seiten wurden zum Zeitpunkt der Verlinkung auf m\u00f6gliche Rechtsverst\u00f6\u00dfe \u00fcberpr\u00fcft. Rechtswidrige Inhalte waren zum Zeitpunkt der Verlinkung nicht erkennbar. Eine permanente inhaltliche Kontrolle der verlinkten Seiten ist jedoch ohne konkrete Anhaltspunkte einer Rechtsverletzung nicht zumutbar. Bei Bekanntwerden von Rechtsverletzungen werden wir derartige Links umgehend entfernen.<\/pee><!-- [et_pb_line_break_holder] --><!-- [et_pb_line_break_holder] --><pee><strong>Urheberrecht<\/strong><\/pee><!-- [et_pb_line_break_holder] --><!-- [et_pb_line_break_holder] --><pee>Die durch die Seitenbetreiber erstellten Inhalte und Werke auf diesen Seiten unterliegen dem deutschen Urheberrecht. Die Vervielf\u00e4ltigung, Bearbeitung, Verbreitung und jede Art der Verwertung au\u00dferhalb der Grenzen des Urheberrechtes bed\u00fcrfen der schriftlichen Zustimmung des jeweiligen Autors bzw. Erstellers. Downloads und Kopien dieser Seite sind nur f\u00fcr den privaten, nicht kommerziellen Gebrauch gestattet. Soweit die Inhalte auf dieser Seite nicht vom Betreiber erstellt wurden, werden die Urheberrechte Dritter beachtet. Insbesondere werden Inhalte Dritter als solche gekennzeichnet. Sollten Sie trotzdem auf eine Urheberrechtsverletzung aufmerksam werden, bitten wir um einen entsprechenden Hinweis. Bei Bekanntwerden von Rechtsverletzungen werden wir derartige Inhalte umgehend entfernen.<\/pee><!-- [et_pb_line_break_holder] --><!-- [et_pb_line_break_holder] --><pee><strong><a class=\"iw-rte-link-inline\" href=\"https:\/\/alumniportal.uni-potsdam.de\/login\/datenschutz\/\" rel=\"noreferrer noopener\" target=\"_blank\">Datenschutzerkl\u00e4rung (Terms of Use)<\/a><\/strong><\/pee><!-- [et_pb_line_break_holder] -->[\/et_pb_code][\/et_pb_column][\/et_pb_row][\/et_pb_section]<\/p>\n","protected":false},"excerpt":{"rendered":"","protected":false},"author":1,"featured_media":0,"parent":0,"menu_order":0,"comment_status":"closed","ping_status":"closed","template":"","meta":{"_et_pb_use_builder":"on","_et_pb_old_content":"","_et_gb_content_width":"","footnotes":""},"class_list":["post-353","page","type-page","status-publish","hentry"],"yoast_head":"<!-- This site is optimized with the Yoast SEO plugin v27.6 - https:\/\/yoast.com\/product\/yoast-seo-wordpress\/ -->\n<title>Impressum - Alumni Portal Uni Potsdam<\/title>\n<meta name=\"robots\" content=\"noindex, follow, max-snippet:-1, max-image-preview:large, max-video-preview:-1\" \/>\n<meta property=\"og:locale\" content=\"de_DE\" \/>\n<meta property=\"og:type\" content=\"article\" \/>\n<meta property=\"og:title\" content=\"Impressum - Alumni Portal Uni Potsdam\" \/>\n<meta property=\"og:url\" content=\"https:\/\/alumniportal.uni-potsdam.de\/login\/impressum\/\" \/>\n<meta property=\"og:site_name\" content=\"Alumni Portal Uni Potsdam\" \/>\n<meta property=\"article:modified_time\" content=\"2021-12-20T19:23:15+00:00\" \/>\n<meta name=\"twitter:card\" content=\"summary_large_image\" \/>\n<meta name=\"twitter:label1\" content=\"Gesch\u00e4tzte Lesezeit\" \/>\n\t<meta name=\"twitter:data1\" content=\"3\u00a0Minuten\" \/>\n<script type=\"application\/ld+json\" class=\"yoast-schema-graph\">{\"@context\":\"https:\\\/\\\/schema.org\",\"@graph\":[{\"@type\":\"WebPage\",\"@id\":\"https:\\\/\\\/alumniportal.uni-potsdam.de\\\/login\\\/impressum\\\/\",\"url\":\"https:\\\/\\\/alumniportal.uni-potsdam.de\\\/login\\\/impressum\\\/\",\"name\":\"Impressum - Alumni Portal Uni Potsdam\",\"isPartOf\":{\"@id\":\"https:\\\/\\\/alumniportal.uni-potsdam.de\\\/login\\\/#website\"},\"datePublished\":\"2019-04-12T13:51:05+00:00\",\"dateModified\":\"2021-12-20T19:23:15+00:00\",\"breadcrumb\":{\"@id\":\"https:\\\/\\\/alumniportal.uni-potsdam.de\\\/login\\\/impressum\\\/#breadcrumb\"},\"inLanguage\":\"de\",\"potentialAction\":[{\"@type\":\"ReadAction\",\"target\":[\"https:\\\/\\\/alumniportal.uni-potsdam.de\\\/login\\\/impressum\\\/\"]}]},{\"@type\":\"BreadcrumbList\",\"@id\":\"https:\\\/\\\/alumniportal.uni-potsdam.de\\\/login\\\/impressum\\\/#breadcrumb\",\"itemListElement\":[{\"@type\":\"ListItem\",\"position\":1,\"name\":\"Home\",\"item\":\"https:\\\/\\\/alumniportal.uni-potsdam.de\\\/login\\\/\"},{\"@type\":\"ListItem\",\"position\":2,\"name\":\"Impressum\"}]},{\"@type\":\"WebSite\",\"@id\":\"https:\\\/\\\/alumniportal.uni-potsdam.de\\\/login\\\/#website\",\"url\":\"https:\\\/\\\/alumniportal.uni-potsdam.de\\\/login\\\/\",\"name\":\"Alumni Portal Uni Potsdam\",\"description\":\"Alumni Portal Uni Potsdam\",\"potentialAction\":[{\"@type\":\"SearchAction\",\"target\":{\"@type\":\"EntryPoint\",\"urlTemplate\":\"https:\\\/\\\/alumniportal.uni-potsdam.de\\\/login\\\/?s={search_term_string}\"},\"query-input\":{\"@type\":\"PropertyValueSpecification\",\"valueRequired\":true,\"valueName\":\"search_term_string\"}}],\"inLanguage\":\"de\"}]}<\/script>\n<!-- \/ Yoast SEO plugin. -->","yoast_head_json":{"title":"Impressum - Alumni Portal Uni Potsdam","robots":{"index":"noindex","follow":"follow","max-snippet":"max-snippet:-1","max-image-preview":"max-image-preview:large","max-video-preview":"max-video-preview:-1"},"og_locale":"de_DE","og_type":"article","og_title":"Impressum - Alumni Portal Uni Potsdam","og_url":"https:\/\/alumniportal.uni-potsdam.de\/login\/impressum\/","og_site_name":"Alumni Portal Uni Potsdam","article_modified_time":"2021-12-20T19:23:15+00:00","twitter_card":"summary_large_image","twitter_misc":{"Gesch\u00e4tzte Lesezeit":"3\u00a0Minuten"},"schema":{"@context":"https:\/\/schema.org","@graph":[{"@type":"WebPage","@id":"https:\/\/alumniportal.uni-potsdam.de\/login\/impressum\/","url":"https:\/\/alumniportal.uni-potsdam.de\/login\/impressum\/","name":"Impressum - Alumni Portal Uni Potsdam","isPartOf":{"@id":"https:\/\/alumniportal.uni-potsdam.de\/login\/#website"},"datePublished":"2019-04-12T13:51:05+00:00","dateModified":"2021-12-20T19:23:15+00:00","breadcrumb":{"@id":"https:\/\/alumniportal.uni-potsdam.de\/login\/impressum\/#breadcrumb"},"inLanguage":"de","potentialAction":[{"@type":"ReadAction","target":["https:\/\/alumniportal.uni-potsdam.de\/login\/impressum\/"]}]},{"@type":"BreadcrumbList","@id":"https:\/\/alumniportal.uni-potsdam.de\/login\/impressum\/#breadcrumb","itemListElement":[{"@type":"ListItem","position":1,"name":"Home","item":"https:\/\/alumniportal.uni-potsdam.de\/login\/"},{"@type":"ListItem","position":2,"name":"Impressum"}]},{"@type":"WebSite","@id":"https:\/\/alumniportal.uni-potsdam.de\/login\/#website","url":"https:\/\/alumniportal.uni-potsdam.de\/login\/","name":"Alumni Portal Uni Potsdam","description":"Alumni Portal Uni Potsdam","potentialAction":[{"@type":"SearchAction","target":{"@type":"EntryPoint","urlTemplate":"https:\/\/alumniportal.uni-potsdam.de\/login\/?s={search_term_string}"},"query-input":{"@type":"PropertyValueSpecification","valueRequired":true,"valueName":"search_term_string"}}],"inLanguage":"de"}]}},"_links":{"self":[{"href":"https:\/\/alumniportal.uni-potsdam.de\/login\/wp-json\/wp\/v2\/pages\/353","targetHints":{"allow":["GET"]}}],"collection":[{"href":"https:\/\/alumniportal.uni-potsdam.de\/login\/wp-json\/wp\/v2\/pages"}],"about":[{"href":"https:\/\/alumniportal.uni-potsdam.de\/login\/wp-json\/wp\/v2\/types\/page"}],"author":[{"embeddable":true,"href":"https:\/\/alumniportal.uni-potsdam.de\/login\/wp-json\/wp\/v2\/users\/1"}],"replies":[{"embeddable":true,"href":"https:\/\/alumniportal.uni-potsdam.de\/login\/wp-json\/wp\/v2\/comments?post=353"}],"version-history":[{"count":11,"href":"https:\/\/alumniportal.uni-potsdam.de\/login\/wp-json\/wp\/v2\/pages\/353\/revisions"}],"predecessor-version":[{"id":733,"href":"https:\/\/alumniportal.uni-potsdam.de\/login\/wp-json\/wp\/v2\/pages\/353\/revisions\/733"}],"wp:attachment":[{"href":"https:\/\/alumniportal.uni-potsdam.de\/login\/wp-json\/wp\/v2\/media?parent=353"}],"curies":[{"name":"wp","href":"https:\/\/api.w.org\/{rel}","templated":true}]}}